{"id":1149,"date":"2020-06-30T20:52:33","date_gmt":"2020-06-30T18:52:33","guid":{"rendered":"http:\/\/tekno-test.fi\/?page_id=1149"},"modified":"2023-06-03T11:45:46","modified_gmt":"2023-06-03T09:45:46","slug":"gaser","status":"publish","type":"page","link":"https:\/\/www.tekno-test.fi\/fi\/gaser\/","title":{"rendered":"Kaasut"},"content":{"rendered":"\n<div class=\"wp-block-media-text alignwide is-stacked-on-mobile is-vertically-aligned-top\"><figure class=\"wp-block-media-text__media\"><img loading=\"lazy\" decoding=\"async\" width=\"960\" height=\"288\" src=\"https:\/\/tekno-test.fi\/wordpress\/wp-content\/uploads\/2020\/03\/linde-logo-960x288-1.jpg\" alt=\"\" class=\"wp-image-1150 size-full\" srcset=\"https:\/\/tekno-test.fi\/wordpress\/wp-content\/uploads\/2020\/03\/linde-logo-960x288-1.jpg 960w, https:\/\/tekno-test.fi\/wordpress\/wp-content\/uploads\/2020\/03\/linde-logo-960x288-1-800x240.jpg 800w, https:\/\/tekno-test.fi\/wordpress\/wp-content\/uploads\/2020\/03\/linde-logo-960x288-1-300x90.jpg 300w, https:\/\/tekno-test.fi\/wordpress\/wp-content\/uploads\/2020\/03\/linde-logo-960x288-1-768x230.jpg 768w, https:\/\/tekno-test.fi\/wordpress\/wp-content\/uploads\/2020\/03\/linde-logo-960x288-1-830x249.jpg 830w, https:\/\/tekno-test.fi\/wordpress\/wp-content\/uploads\/2020\/03\/linde-logo-960x288-1-230x69.jpg 230w, https:\/\/tekno-test.fi\/wordpress\/wp-content\/uploads\/2020\/03\/linde-logo-960x288-1-350x105.jpg 350w, https:\/\/tekno-test.fi\/wordpress\/wp-content\/uploads\/2020\/03\/linde-logo-960x288-1-480x144.jpg 480w\" sizes=\"auto, (max-width: 960px) 100vw, 960px\" \/><\/figure><div class=\"wp-block-media-text__content\">\n<p class=\"has-large-font-size\">Linde-Palvelupiste<\/p>\n\n\n\n<p>Myymme teollisuuskaasuja vuokrasopimuksella. Kaasuntyyppi ja pullon koko voi vaihtaa tarpeen mukaan laskutuskauden aikana.<br>Myymme my\u00f6s Unicyl-omistuspullot.<br>Ne myyd\u00e4n kertahinnalla, ja sen j\u00e4lkeen maksaa ainoastaan vaihto\/t\u00e4ytt\u00f6. <\/p>\n<\/div><\/div>\n\n\n\n<hr class=\"wp-block-separator has-css-opacity\"\/>\n\n\n\n<div class=\"wp-block-media-text alignwide is-stacked-on-mobile\"><figure class=\"wp-block-media-text__media\"><img loading=\"lazy\" decoding=\"async\" width=\"449\" height=\"546\" src=\"https:\/\/tekno-test.fi\/wordpress\/wp-content\/uploads\/2020\/03\/komposiittipullot.png\" alt=\"\" class=\"wp-image-1151 size-full\" srcset=\"https:\/\/tekno-test.fi\/wordpress\/wp-content\/uploads\/2020\/03\/komposiittipullot.png 449w, https:\/\/tekno-test.fi\/wordpress\/wp-content\/uploads\/2020\/03\/komposiittipullot-247x300.png 247w, https:\/\/tekno-test.fi\/wordpress\/wp-content\/uploads\/2020\/03\/komposiittipullot-230x280.png 230w, https:\/\/tekno-test.fi\/wordpress\/wp-content\/uploads\/2020\/03\/komposiittipullot-350x426.png 350w\" sizes=\"auto, (max-width: 449px) 100vw, 449px\" \/><\/figure><div class=\"wp-block-media-text__content\">\n<p class=\"has-large-font-size\">AGA &#8211; Nestekaasua<\/p>\n\n\n\n<p>Myymme AGAn  ter\u00e4s, alumiini sek\u00e4 komposiitti nestekaasupulloja. My\u00f6s moottorikaasua.<br>Meilt\u00e4 my\u00f6s paineens\u00e4\u00e4timet, letkut, venttiilit jne.<\/p>\n<\/div><\/div>\n\n\n\n<hr class=\"wp-block-separator has-css-opacity\"\/>\n\n\n\n<div class=\"wp-block-media-text alignwide is-stacked-on-mobile\"><figure class=\"wp-block-media-text__media\"><img loading=\"lazy\" decoding=\"async\" width=\"550\" height=\"550\" src=\"https:\/\/tekno-test.fi\/wordpress\/wp-content\/uploads\/2020\/03\/7002_AGA-BIOGON-C-Kolsyrepatron_blaa.jpg\" alt=\"\" class=\"wp-image-1162 size-full\" srcset=\"https:\/\/tekno-test.fi\/wordpress\/wp-content\/uploads\/2020\/03\/7002_AGA-BIOGON-C-Kolsyrepatron_blaa.jpg 550w, https:\/\/tekno-test.fi\/wordpress\/wp-content\/uploads\/2020\/03\/7002_AGA-BIOGON-C-Kolsyrepatron_blaa-420x420.jpg 420w, https:\/\/tekno-test.fi\/wordpress\/wp-content\/uploads\/2020\/03\/7002_AGA-BIOGON-C-Kolsyrepatron_blaa-100x100.jpg 100w, https:\/\/tekno-test.fi\/wordpress\/wp-content\/uploads\/2020\/03\/7002_AGA-BIOGON-C-Kolsyrepatron_blaa-300x300.jpg 300w, https:\/\/tekno-test.fi\/wordpress\/wp-content\/uploads\/2020\/03\/7002_AGA-BIOGON-C-Kolsyrepatron_blaa-150x150.jpg 150w, https:\/\/tekno-test.fi\/wordpress\/wp-content\/uploads\/2020\/03\/7002_AGA-BIOGON-C-Kolsyrepatron_blaa-230x230.jpg 230w, https:\/\/tekno-test.fi\/wordpress\/wp-content\/uploads\/2020\/03\/7002_AGA-BIOGON-C-Kolsyrepatron_blaa-350x350.jpg 350w, https:\/\/tekno-test.fi\/wordpress\/wp-content\/uploads\/2020\/03\/7002_AGA-BIOGON-C-Kolsyrepatron_blaa-480x480.jpg 480w\" sizes=\"auto, (max-width: 550px) 100vw, 550px\" \/><\/figure><div class=\"wp-block-media-text__content\">\n<p class=\"has-large-font-size\">Muut<\/p>\n\n\n\n<p>Esimerkiksi hiilidioksidipullot Wassermaxx  ja Aqvia hiilihapotuslaitteisiin. My\u00f6s pienet sekakaasupurkit esim. retkikeittimiin.<\/p>\n<\/div><\/div>\n","protected":false},"excerpt":{"rendered":"<p>Linde-Palvelupiste Myymme teollisuuskaasuja vuokrasopimuksella. Kaasuntyyppi ja pullon koko voi vaihtaa tarpeen mukaan laskutuskauden aikana.Myymme my\u00f6s Unicyl-omistuspullot.Ne myyd\u00e4n kertahinnalla, ja sen j\u00e4lkeen maksaa [&hellip;]<\/p>\n","protected":false},"author":1,"featured_media":0,"parent":0,"menu_order":0,"comment_status":"closed","ping_status":"closed","template":"","meta":{"footnotes":""},"class_list":["post-1149","page","type-page","status-publish","hentry"],"translation":{"provider":"WPGlobus","version":"3.0.2","language":"fi","enabled_languages":["sv","fi"],"languages":{"sv":{"title":true,"content":true,"excerpt":false},"fi":{"title":true,"content":true,"excerpt":false}}},"_links":{"self":[{"href":"https:\/\/www.tekno-test.fi\/fi\/wp-json\/wp\/v2\/pages\/1149","targetHints":{"allow":["GET"]}}],"collection":[{"href":"https:\/\/www.tekno-test.fi\/fi\/wp-json\/wp\/v2\/pages"}],"about":[{"href":"https:\/\/www.tekno-test.fi\/fi\/wp-json\/wp\/v2\/types\/page"}],"author":[{"embeddable":true,"href":"https:\/\/www.tekno-test.fi\/fi\/wp-json\/wp\/v2\/users\/1"}],"replies":[{"embeddable":true,"href":"https:\/\/www.tekno-test.fi\/fi\/wp-json\/wp\/v2\/comments?post=1149"}],"version-history":[{"count":11,"href":"https:\/\/www.tekno-test.fi\/fi\/wp-json\/wp\/v2\/pages\/1149\/revisions"}],"predecessor-version":[{"id":1661,"href":"https:\/\/www.tekno-test.fi\/fi\/wp-json\/wp\/v2\/pages\/1149\/revisions\/1661"}],"wp:attachment":[{"href":"https:\/\/www.tekno-test.fi\/fi\/wp-json\/wp\/v2\/media?parent=1149"}],"curies":[{"name":"wp","href":"https:\/\/api.w.org\/{rel}","templated":true}]}}